{"id":144,"date":"2005-07-31T23:59:51","date_gmt":"2005-07-31T21:59:51","guid":{"rendered":"http:\/\/bitacora.eniac2000.com\/?page_id=144"},"modified":"2005-07-31T23:59:51","modified_gmt":"2005-07-31T21:59:51","slug":"el-senor-de-compostela","status":"publish","type":"page","link":"https:\/\/bitacora.eniac2000.com\/?page_id=144","title":{"rendered":"Camino de Santiago 2005: El Se\u00f1or de Compostela"},"content":{"rendered":"<p><img decoding=\"async\" src=\"\/wp-content\/anillo.jpg\" alt='Un anillo para etc&Atilde;&copy;tera, etc&Atilde;&copy;tera...' \/><br \/>\n<em>El Se\u00f1or de Compostela<\/em> es una narraci\u00f3n en seis partes. Se corresponde con la narraci\u00f3n de la peregrinaci\u00f3n a Santiago que hicimos mi padre, Ana y yo el mes de Julio de 2005, si bien con una perspectiva <em>un tanto diferente<\/em>. Si quieres aventurarte, s\u00f3lo tienes que seguir adelante:<\/p>\n<ol>\n<li><a href=\"http:\/\/bitacora.eniac2000.com\/?p=141\">El Se\u00f1or de Compostela: La Comunidad de la Ampolla (Libro 1)<\/a><\/li>\n<li><a href=\"http:\/\/bitacora.eniac2000.com\/?p=142\">El Se\u00f1or de Compostela: La Comunidad de la Ampolla (Libro 2)<\/a><\/li>\n<li><a href=\"http:\/\/bitacora.eniac2000.com\/?p=146\">El Se\u00f1or de Compostela: Los Dos Cuernos (Libro 1)<\/a><\/li>\n<li><a href=\"http:\/\/bitacora.eniac2000.com\/?p=149\">El Se\u00f1or de Compostela: Los Dos Cuernos (Libro 2)<\/a><\/li>\n<li><a href=\"http:\/\/bitacora.eniac2000.com\/?p=152\">El Se\u00f1or de Compostela: El Retorno de Yuri (Libro 1)<\/a><\/li>\n<li><a href=\"http:\/\/bitacora.eniac2000.com\/?p=154\">El Se\u00f1or de Compostela: El Retorno de Yuri (Libro 2)<\/a><\/li>\n<\/ol>\n","protected":false},"excerpt":{"rendered":"<p>El Se\u00f1or de Compostela es una narraci\u00f3n en seis partes.<\/p>\n","protected":false},"author":1,"featured_media":0,"parent":0,"menu_order":0,"comment_status":"open","ping_status":"open","template":"","meta":{"advanced_seo_description":"","jetpack_seo_html_title":"","jetpack_seo_noindex":false,"footnotes":""},"class_list":["post-144","page","type-page","status-publish","hentry"],"jetpack_sharing_enabled":true,"_links":{"self":[{"href":"https:\/\/bitacora.eniac2000.com\/index.php?rest_route=\/wp\/v2\/pages\/144","targetHints":{"allow":["GET"]}}],"collection":[{"href":"https:\/\/bitacora.eniac2000.com\/index.php?rest_route=\/wp\/v2\/pages"}],"about":[{"href":"https:\/\/bitacora.eniac2000.com\/index.php?rest_route=\/wp\/v2\/types\/page"}],"author":[{"embeddable":true,"href":"https:\/\/bitacora.eniac2000.com\/index.php?rest_route=\/wp\/v2\/users\/1"}],"replies":[{"embeddable":true,"href":"https:\/\/bitacora.eniac2000.com\/index.php?rest_route=%2Fwp%2Fv2%2Fcomments&post=144"}],"version-history":[{"count":0,"href":"https:\/\/bitacora.eniac2000.com\/index.php?rest_route=\/wp\/v2\/pages\/144\/revisions"}],"wp:attachment":[{"href":"https:\/\/bitacora.eniac2000.com\/index.php?rest_route=%2Fwp%2Fv2%2Fmedia&parent=144"}],"curies":[{"name":"wp","href":"https:\/\/api.w.org\/{rel}","templated":true}]}}