{"id":1570,"date":"2009-09-06T10:32:53","date_gmt":"2009-09-06T08:32:53","guid":{"rendered":"http:\/\/bitacora.eniac2000.com\/?page_id=1570"},"modified":"2009-09-06T10:32:53","modified_gmt":"2009-09-06T08:32:53","slug":"camino-de-santiago-2009-camino-primitivo","status":"publish","type":"page","link":"https:\/\/bitacora.eniac2000.com\/?page_id=1570","title":{"rendered":"Camino de Santiago 2009: Camino Primitivo"},"content":{"rendered":"<p><img decoding=\"async\" src=\"http:\/\/bitacora.eniac2000.com\/wp-content\/anillo.jpg\" alt=\"Imagen introductoria del Camino de Santiago\" \/><\/p>\n<p>Por quinto a\u00f1o consecutivo he realizado el Camino de Santiago. Este a\u00f1o el elegido ha sido el Camino Primitivo. Este camino es el que enlaza Oviedo con Santiago por el interior, a trav\u00e9s de Lugo. Y Lugo fue, precisamente, la ciudad escogida para empezarlo este a\u00f1o. Varias fueron las razones que nos impulsaron a escoger esta ciudad como punto de partida. Algunas eran v\u00e1lidas en el verano de 2008, cuando escogimos mi padre y yo este camino para el a\u00f1o 2009. Entre ellas destacaba el poder compartir estos d\u00edas con otros miembros de la familia que, por su edad o preparaci\u00f3n, no podr\u00edan afrontar un recorrido de m\u00e1s de 100 kil\u00f3metros sin graves inconvenientes.<\/p>\n<p>Al pasar el primer tercio de 2009 estas razones quedaron invalidadas: de nuevo Ana, mi padre y yo nos \u00edbamos a enfrentar de nuevo al reto, con lo que podr\u00edamos plantearnos algo de mayor envergadura: salir desde el mismo Oviedo y cruzar la Cordillera Cant\u00e1brica y Montes de Galicia. Sin embargo, un nuevo imperativo, laboral en este caso, hizo que nos replante\u00e1ramos salir desde Lugo: no estaba claro que fuera a poder disponer de unos d\u00edas de vacaciones en verano. Tanto fue as\u00ed que, apenas a una semana de la partida, estaba convencido de que tendr\u00edamos que desconvocar el viaje, y aguardar al siguiente verano.<\/p>\n<p>Sin embargo, finalmente consegu\u00ed disponer de tres d\u00edas de vacaciones en agosto que, sumados al fin de semana, nos dejaban cinco d\u00edas para acometer la aventura. Pero esos cinco d\u00edas no dejaban m\u00e1s alternativa que realizar un Camino corto, apenas cuatro jornadas, m\u00e1s un quinto d\u00eda para desplazamientos. Seis, en realidad, si nos desplaz\u00e1bamos a Lugo el mismo viernes anterior a mis vacaciones.<\/p>\n<p>As\u00ed pues, r\u00e1pidamente estructuramos el viaje en cuatro jornadas, que ser\u00e1n narradas detenidamente en sucesivas entradas. Espero, desocupado lector, que las disfrutes, me apuntes incorrecciones o inexactitudes que puedas encontrar y, sobre todo, que puedan animarte a realizar un viaje delicioso en sus aspectos deportivos, culturales y paisaj\u00edsticos:<\/p>\n<ol>\n<li><a href=\"http:\/\/bitacora.eniac2000.com\/?p=1572\">Pr\u00f3logo<\/a><\/li>\n<li><a href=\"http:\/\/bitacora.eniac2000.com\/?p=1667\">D\u00eda 1: Lugo &#8211; San Rom\u00e1n de Retorta<\/a><\/li>\n<li><a href=\"http:\/\/bitacora.eniac2000.com\/?p=1719\">D\u00eda 2: San Rom\u00e1n de Retorta &#8211; Melide<\/a><\/li>\n<li><a href=\"http:\/\/bitacora.eniac2000.com\/?p=1784\">D\u00eda 3: Melide &#8211; Arca<\/a><\/li>\n<li><a href=\"http:\/\/bitacora.eniac2000.com\/?p=1814\">D\u00eda 4: Arca &#8211; Santiago de Compostela<\/a><\/li>\n<li><a href=\"http:\/\/bitacora.eniac2000.com\/?p=1875\">Ep\u00edlogo<\/a><\/li>\n<\/ol>\n","protected":false},"excerpt":{"rendered":"<p>Por quinto a\u00f1o consecutivo he realizado el Camino de Santiago.<\/p>\n","protected":false},"author":1,"featured_media":0,"parent":0,"menu_order":0,"comment_status":"open","ping_status":"open","template":"","meta":{"advanced_seo_description":"","jetpack_seo_html_title":"","jetpack_seo_noindex":false,"footnotes":""},"class_list":["post-1570","page","type-page","status-publish","hentry"],"jetpack_sharing_enabled":true,"_links":{"self":[{"href":"https:\/\/bitacora.eniac2000.com\/index.php?rest_route=\/wp\/v2\/pages\/1570","targetHints":{"allow":["GET"]}}],"collection":[{"href":"https:\/\/bitacora.eniac2000.com\/index.php?rest_route=\/wp\/v2\/pages"}],"about":[{"href":"https:\/\/bitacora.eniac2000.com\/index.php?rest_route=\/wp\/v2\/types\/page"}],"author":[{"embeddable":true,"href":"https:\/\/bitacora.eniac2000.com\/index.php?rest_route=\/wp\/v2\/users\/1"}],"replies":[{"embeddable":true,"href":"https:\/\/bitacora.eniac2000.com\/index.php?rest_route=%2Fwp%2Fv2%2Fcomments&post=1570"}],"version-history":[{"count":0,"href":"https:\/\/bitacora.eniac2000.com\/index.php?rest_route=\/wp\/v2\/pages\/1570\/revisions"}],"wp:attachment":[{"href":"https:\/\/bitacora.eniac2000.com\/index.php?rest_route=%2Fwp%2Fv2%2Fmedia&parent=1570"}],"curies":[{"name":"wp","href":"https:\/\/api.w.org\/{rel}","templated":true}]}}