{"id":216,"date":"2005-11-08T19:48:45","date_gmt":"2005-11-08T17:48:45","guid":{"rendered":"http:\/\/bitacora.eniac2000.com\/?page_id=216"},"modified":"2005-11-08T19:48:45","modified_gmt":"2005-11-08T17:48:45","slug":"cronica-de-la-ii-maraton-mtb-sierra-morena","status":"publish","type":"page","link":"https:\/\/bitacora.eniac2000.com\/?page_id=216","title":{"rendered":"Cr\u00f3nica de la II Marat\u00f3n MTB Sierra Morena"},"content":{"rendered":"<blockquote><p>A\u00fan me sigo preguntando c\u00f3mo he hecho para sobrevivir a la 2a Marat\u00f3n MTB BRIMZ \u201cGuzm\u00e1n el Bueno\u201d X Sierra Morena, pues ha sido una sucesi\u00f3n de arduas tareas. La primera de ellas, conseguir aprenderme el nombre, pues es casi tan largo como la marat\u00f3n en s\u00ed. Y de nuevo, como un Gary Cooper en mallas, solo ante el peligro. Ni Pablo, por problemas estructurales, ni Rafa, por laborales, pudieron acompa\u00f1arme a mi duelo con la Sierra de C\u00f3rdoba.<\/p><\/blockquote>\n<p>As\u00ed comienza la cr\u00f3nica de la II Marat\u00f3n MTB Sierra Morena. Una prueba llena de vicisitudes, dificultades, altibajos (tanto metaf\u00f3ricos como reales), en la que sangre, sudor, l\u00e1grimas y Acuarius se mezclaron a partes m\u00e1s o menos iguales.<\/p>\n<p>Si tienes ganar de leer m\u00e1s, s\u00f3lo tienes que <a href=\"http:\/\/www.eniac2000.com\/index.php?option=com_content&#038;task=view&#038;id=22&#038;Itemid=43\">acceder al resto de la cr\u00f3nica<\/a> en la secci\u00f3n de <a href=\"http:\/\/www.eniac2000.com\/index.php?option=com_content&#038;task=blogsection&#038;id=3&#038;Itemid=40\">Ciclismo<\/a> de mi p\u00e1gina, <a href=\"http:\/\/www.eniac2000.com\">www.eniac2000.com<\/a> .<\/p>\n<p>Espero que te guste.<\/p>\n","protected":false},"excerpt":{"rendered":"<p>A\u00fan me sigo preguntando c\u00f3mo he hecho para sobrevivir a<\/p>\n","protected":false},"author":1,"featured_media":0,"parent":0,"menu_order":0,"comment_status":"open","ping_status":"open","template":"","meta":{"advanced_seo_description":"","jetpack_seo_html_title":"","jetpack_seo_noindex":false,"footnotes":""},"class_list":["post-216","page","type-page","status-publish","hentry"],"jetpack_sharing_enabled":true,"_links":{"self":[{"href":"https:\/\/bitacora.eniac2000.com\/index.php?rest_route=\/wp\/v2\/pages\/216","targetHints":{"allow":["GET"]}}],"collection":[{"href":"https:\/\/bitacora.eniac2000.com\/index.php?rest_route=\/wp\/v2\/pages"}],"about":[{"href":"https:\/\/bitacora.eniac2000.com\/index.php?rest_route=\/wp\/v2\/types\/page"}],"author":[{"embeddable":true,"href":"https:\/\/bitacora.eniac2000.com\/index.php?rest_route=\/wp\/v2\/users\/1"}],"replies":[{"embeddable":true,"href":"https:\/\/bitacora.eniac2000.com\/index.php?rest_route=%2Fwp%2Fv2%2Fcomments&post=216"}],"version-history":[{"count":0,"href":"https:\/\/bitacora.eniac2000.com\/index.php?rest_route=\/wp\/v2\/pages\/216\/revisions"}],"wp:attachment":[{"href":"https:\/\/bitacora.eniac2000.com\/index.php?rest_route=%2Fwp%2Fv2%2Fmedia&parent=216"}],"curies":[{"name":"wp","href":"https:\/\/api.w.org\/{rel}","templated":true}]}}