{"id":615,"date":"2007-04-27T10:03:23","date_gmt":"2007-04-27T08:03:23","guid":{"rendered":"http:\/\/bitacora.eniac2000.com\/?page_id=615"},"modified":"2007-04-27T10:03:23","modified_gmt":"2007-04-27T08:03:23","slug":"cronica-del-camino-de-santiago-2007","status":"publish","type":"page","link":"https:\/\/bitacora.eniac2000.com\/?page_id=615","title":{"rendered":"Camino de Santiago 2007: Camino Franc\u00e9s"},"content":{"rendered":"<p><img decoding=\"async\" src=\"http:\/\/bitacora.eniac2000.com\/wp-content\/anillo.jpg\" alt=\"Logotipo Provisional\" \/><\/p>\n<p>La Cr\u00f3nica del Camino de Santiago 2007 narra las aventuras y desventuras que afrontamos Fran, buen compa\u00f1ero de curro y mejor persona, y yo durante la realizaci\u00f3n del Camino de Santiago a bicicleta en la Semana Santa de 2007. Empezamos el Camino en Ponferrada y lo terminamos, 4 d\u00edas y 202&#8217;5 km. despu\u00e9s, en Santiago de Compostela, un Martes Santo. El relato se encuentra dividido en 5 cap\u00edtulos, cada uno correspondiente a una etapa, salvo la primera, que abarca dos cap\u00edtulos.<\/p>\n<p>Espero que sea de tu agrado:<\/p>\n<ol>\n<li><a href=\"http:\/\/bitacora.eniac2000.com\/?p=601\">Cr\u00f3nica del Camino Franc\u00e9s: D\u00eda 1<\/a><\/li>\n<li><a href=\"http:\/\/bitacora.eniac2000.com\/?p=602\">Cr\u00f3nica del Camino Franc\u00e9s: D\u00eda 1 (y II)<\/a><\/li>\n<li><a href=\"http:\/\/bitacora.eniac2000.com\/?p=604\">Cr\u00f3nica del Camino Franc\u00e9s: D\u00eda 2<\/a><\/li>\n<li><a href=\"http:\/\/bitacora.eniac2000.com\/?p=606\">Cr\u00f3nica del Camino Franc\u00e9s: D\u00eda 3<\/a><\/li>\n<li><a href=\"http:\/\/bitacora.eniac2000.com\/?p=612\">Cr\u00f3nica del Camino Franc\u00e9s: D\u00eda 4<\/a><\/li>\n<\/ol>\n","protected":false},"excerpt":{"rendered":"<p>La Cr\u00f3nica del Camino de Santiago 2007 narra las aventuras<\/p>\n","protected":false},"author":1,"featured_media":0,"parent":0,"menu_order":0,"comment_status":"open","ping_status":"open","template":"","meta":{"advanced_seo_description":"","jetpack_seo_html_title":"","jetpack_seo_noindex":false,"footnotes":""},"class_list":["post-615","page","type-page","status-publish","hentry"],"jetpack_sharing_enabled":true,"_links":{"self":[{"href":"https:\/\/bitacora.eniac2000.com\/index.php?rest_route=\/wp\/v2\/pages\/615","targetHints":{"allow":["GET"]}}],"collection":[{"href":"https:\/\/bitacora.eniac2000.com\/index.php?rest_route=\/wp\/v2\/pages"}],"about":[{"href":"https:\/\/bitacora.eniac2000.com\/index.php?rest_route=\/wp\/v2\/types\/page"}],"author":[{"embeddable":true,"href":"https:\/\/bitacora.eniac2000.com\/index.php?rest_route=\/wp\/v2\/users\/1"}],"replies":[{"embeddable":true,"href":"https:\/\/bitacora.eniac2000.com\/index.php?rest_route=%2Fwp%2Fv2%2Fcomments&post=615"}],"version-history":[{"count":0,"href":"https:\/\/bitacora.eniac2000.com\/index.php?rest_route=\/wp\/v2\/pages\/615\/revisions"}],"wp:attachment":[{"href":"https:\/\/bitacora.eniac2000.com\/index.php?rest_route=%2Fwp%2Fv2%2Fmedia&parent=615"}],"curies":[{"name":"wp","href":"https:\/\/api.w.org\/{rel}","templated":true}]}}