{"id":962,"date":"2008-09-16T13:07:26","date_gmt":"2008-09-16T11:07:26","guid":{"rendered":"http:\/\/bitacora.eniac2000.com\/?page_id=962"},"modified":"2008-09-16T13:07:26","modified_gmt":"2008-09-16T11:07:26","slug":"camino-de-santiago-camino-de-la-costa-08","status":"publish","type":"page","link":"https:\/\/bitacora.eniac2000.com\/?page_id=962","title":{"rendered":"Camino de Santiago 2008: Camino de la Costa"},"content":{"rendered":"<p><img decoding=\"async\" src=\"http:\/\/bitacora.eniac2000.com\/wp-content\/anillo.jpg\" alt=\"Logo del Camino de Santiago\" \/><\/p>\n<p>Otro a\u00f1o m\u00e1s, y con este ya van cuatro, he vuelto a realizar el Camino de Santiago. Como en a\u00f1os anteriores, el ramal escogido ha sido diferente a los anteriores. Este a\u00f1o el escogido ha sido el Camino de la Costa, con salida en Oviedo. El lugar de salida estaba escogido con premeditaci\u00f3n, ya que este a\u00f1o est\u00e1 siendo el 1100 aniversario de la <a href=\"http:\/\/es.wikipedia.org\/wiki\/Cruz_de_la_Victoria\">Cruz de la Victoria<\/a>, y el 1200 aniversario de la <a href=\"http:\/\/es.wikipedia.org\/wiki\/Cruz_de_los_%C3%81ngeles\">Cruz de los \u00c1ngeles<\/a>. Es, pues, una fecha se\u00f1alada. Y no s\u00f3lo por eso: como pudimos descubrir en Oviedo, es tambi\u00e9n el 400 aniversario de la <a href=\"http:\/\/es.wikipedia.org\/wiki\/Universidad_de_Oviedo\">fundaci\u00f3n de la Universidad de Oviedo<\/a>. Aparte de que yo, personalmente, no conoc\u00eda Oviedo.<\/p>\n<p>Este a\u00f1o el Camino ha sido ciclista, y lo hemos hecho mi padre y yo. Empleamos seis d\u00edas de pedaleo, m\u00e1s un d\u00eda de visita en Oviedo, y dos d\u00edas de estancia en Santiago, a donde llegamos tambi\u00e9n en una fecha se\u00f1alada: el D\u00eda de Santiago.<\/p>\n<p>A continuaci\u00f3n me dispongo a desgranar los avatares de este viaje, dividiendo el relato en tantos cap\u00edtulos como d\u00edas de pedaleo, m\u00e1s dos cap\u00edtulos que hacen de pr\u00f3logo y ep\u00edlogo. Espero que te gusten, y te den ganas de recorrer estas tierras, dignas de ver.<\/p>\n<ol>\n<li><a href=\"http:\/\/bitacora.eniac2000.com\/?p=970\">Pr\u00f3logo: d\u00edas previos<\/a><\/li>\n<li><a href=\"http:\/\/bitacora.eniac2000.com\/?p=971\">Etapa 1: Oviedo &#8211; Avil\u00e9s &#8211; Cudillero<\/a><\/li>\n<li><a href=\"http:\/\/bitacora.eniac2000.com\/?p=1025\">Etapa 2: Cudillero &#8211; Luarca<\/a><\/li>\n<li><a href=\"http:\/\/bitacora.eniac2000.com\/?p=1029\">Etapa 3: Luarca &#8211; Ribadeo<\/a><\/li>\n<li><a href=\"http:\/\/bitacora.eniac2000.com\/?p=1049\">Etapa 4: Ribadeo &#8211; Villalba<\/a><\/li>\n<li><a href=\"http:\/\/bitacora.eniac2000.com\/?p=1057\">Etapa 5: Villalba &#8211; Sobrado dos Monxes<\/a><\/li>\n<li><a href=\"http:\/\/bitacora.eniac2000.com\/?p=1091\">Etapa 6: Sobrado dos Monxes &#8211; Santiago de Compostela<\/a><\/li>\n<li>Ep\u00edlogo: Santiago de Compostela<\/li>\n<\/ol>\n<p>Probablemente haya alguna entrada adicional a las anteriores, en las que redactar\u00e9 algunos acontecimientos especiales que creo que merecen una entrada aparte. Aunque esto, como todo, lo marcar\u00e1 el tiempo. Hasta el momento, las entradas son las siguientes:<\/p>\n<ul>\n<li><a href=\"http:\/\/bitacora.eniac2000.com\/?p=960\">Letreros multiculturales<\/a><\/li>\n<\/ul>\n","protected":false},"excerpt":{"rendered":"<p>Otro a\u00f1o m\u00e1s, y con este ya van cuatro, he<\/p>\n","protected":false},"author":1,"featured_media":0,"parent":0,"menu_order":0,"comment_status":"open","ping_status":"open","template":"","meta":{"advanced_seo_description":"","jetpack_seo_html_title":"","jetpack_seo_noindex":false,"footnotes":""},"class_list":["post-962","page","type-page","status-publish","hentry"],"jetpack_sharing_enabled":true,"_links":{"self":[{"href":"https:\/\/bitacora.eniac2000.com\/index.php?rest_route=\/wp\/v2\/pages\/962","targetHints":{"allow":["GET"]}}],"collection":[{"href":"https:\/\/bitacora.eniac2000.com\/index.php?rest_route=\/wp\/v2\/pages"}],"about":[{"href":"https:\/\/bitacora.eniac2000.com\/index.php?rest_route=\/wp\/v2\/types\/page"}],"author":[{"embeddable":true,"href":"https:\/\/bitacora.eniac2000.com\/index.php?rest_route=\/wp\/v2\/users\/1"}],"replies":[{"embeddable":true,"href":"https:\/\/bitacora.eniac2000.com\/index.php?rest_route=%2Fwp%2Fv2%2Fcomments&post=962"}],"version-history":[{"count":0,"href":"https:\/\/bitacora.eniac2000.com\/index.php?rest_route=\/wp\/v2\/pages\/962\/revisions"}],"wp:attachment":[{"href":"https:\/\/bitacora.eniac2000.com\/index.php?rest_route=%2Fwp%2Fv2%2Fmedia&parent=962"}],"curies":[{"name":"wp","href":"https:\/\/api.w.org\/{rel}","templated":true}]}}